{"id":13,"date":"2026-04-25T17:47:27","date_gmt":"2026-04-25T17:47:27","guid":{"rendered":"https:\/\/funny-allen.82-223-64-3.plesk.page\/?page_id=13"},"modified":"2026-04-25T17:47:27","modified_gmt":"2026-04-25T17:47:27","slug":"perito-judicial","status":"publish","type":"page","link":"https:\/\/funny-allen.82-223-64-3.plesk.page\/?page_id=13","title":{"rendered":"Perito Judicial"},"content":{"rendered":"\n<p class=\"has-black-color has-text-color has-link-color wp-elements-cb8851b0b03d2b151bbc60a2b851d216\">Dentro de las competencias del Administrador Judicial, y entre las funciones que cada profesional interviniente pudiera tener, se encuentra su actuaci\u00f3n como Perito Judicial, con la que debe garantizar no s\u00f3lo su profesionalidad (Idoneidad) sino su objetividad e imparcialidad.<br><br>Siendo el Perito Judicial un operador jur\u00eddico igual de importante que cualquier otro, como sucede con abogados o procuradores, \u00e9ste, al igual que los Administradores Judiciales, no tiene su \u201cespacio propio\u00bb ya que tanto el Ministerio de Justicia y las distintas Administraciones nunca les han tenido en cuenta a la hora de un reconocimiento que regule su actuaci\u00f3n como un colectivo profesional libre e independiente.<br><br>La figura del Perito Judicial es, por tanto, una pieza imprescindible en la actividad diaria de los distintos \u00f3rganos judiciales, ya que la ausencia de los mismos har\u00eda quebrar el funcionamiento de los juzgados (Especialmente en los Juzgados de guardia-Juicios r\u00e1pidos). Hay que tener en cuenta que en un gran numero de procedimientos judiciales requieren del asesoramiento y apoyo t\u00e9cnico del Perito Judicial para la emisi\u00f3n de sus correspondiente informes t\u00e9cnicos y de aval\u00faos con los cuales los Jueces se informan para dictar resoluciones y sentencias objetivas, imparciales y justas en los diferentes procesos judiciales que lo requieran.<br><br>Todo esto hace necesario que los responsables pol\u00edticos, especialmente los implicados con la administraci\u00f3n de Justicia, de una u otra forma, lleven a cabo unas normas de actuaci\u00f3n que regule la actuaci\u00f3n del Administrador Judicial y del Perito Judicial no solo como Auxiliares de la Justicia (ad hoc), sino como un operador jur\u00eddico m\u00e1s de los Tribunales de Justicia.<br><br>En vista de esta realidad y de las posibilidades que existen en la pr\u00e1ctica judicial con la intervenci\u00f3n de la figura del Perito y Administrador Judicial, un grupo de profesionales relacionados con el derecho y personas relacionadas con el mundo empresarial, sensibles con la saturaci\u00f3n de los procedimientos judiciales y con los administrados que sufren las consecuencias de las carencias expuestas, se constituyen en la \u00abAsociaci\u00f3n Nacional de Peritos Administradores Judiciales\u00bb con el objetivo de obtener reconocimiento por parte de los profesionales, particulares y la Administraci\u00f3n de Justicia, obtener un t\u00edtulo habilitante para el ejercicio de la funci\u00f3n del Perito Administrador Judicial y, proceder al desarrollo de esta figura dentro del marco que permite la legislaci\u00f3n vigente para, en la medida de lo posible, contribuir junto con los jueces y dem\u00e1s funcionarios de la Administraci\u00f3n de Justicia a mejorar la calidad de la propia Justicia.\u00a0<\/p>\n\n\n\n<p><\/p>\n","protected":false},"excerpt":{"rendered":"<p>Dentro de las competencias del Administrador Judicial, y entre las funciones que cada profesional interviniente pudiera tener, se encuentra su actuaci\u00f3n como Perito Judicial, con la que debe garantizar no s\u00f3lo su profesionalidad (Idoneidad) sino su objetividad e imparcialidad. Siendo el Perito Judicial un operador jur\u00eddico igual de importante que cualquier otro, como sucede con [&hellip;]<\/p>\n","protected":false},"author":1,"featured_media":0,"parent":0,"menu_order":0,"comment_status":"closed","ping_status":"closed","template":"","meta":{"zakra_page_container_layout":"customizer","zakra_page_sidebar_layout":"customizer","zakra_remove_content_margin":false,"zakra_sidebar":"customizer","zakra_transparent_header":"customizer","zakra_logo":0,"zakra_main_header_style":"default","zakra_menu_item_color":"","zakra_menu_item_hover_color":"","zakra_menu_item_active_color":"","zakra_menu_active_style":"","zakra_page_header":true,"footnotes":""},"class_list":["post-13","page","type-page","status-publish","hentry"],"_links":{"self":[{"href":"https:\/\/funny-allen.82-223-64-3.plesk.page\/index.php?rest_route=\/wp\/v2\/pages\/13","targetHints":{"allow":["GET"]}}],"collection":[{"href":"https:\/\/funny-allen.82-223-64-3.plesk.page\/index.php?rest_route=\/wp\/v2\/pages"}],"about":[{"href":"https:\/\/funny-allen.82-223-64-3.plesk.page\/index.php?rest_route=\/wp\/v2\/types\/page"}],"author":[{"embeddable":true,"href":"https:\/\/funny-allen.82-223-64-3.plesk.page\/index.php?rest_route=\/wp\/v2\/users\/1"}],"replies":[{"embeddable":true,"href":"https:\/\/funny-allen.82-223-64-3.plesk.page\/index.php?rest_route=%2Fwp%2Fv2%2Fcomments&post=13"}],"version-history":[{"count":1,"href":"https:\/\/funny-allen.82-223-64-3.plesk.page\/index.php?rest_route=\/wp\/v2\/pages\/13\/revisions"}],"predecessor-version":[{"id":14,"href":"https:\/\/funny-allen.82-223-64-3.plesk.page\/index.php?rest_route=\/wp\/v2\/pages\/13\/revisions\/14"}],"wp:attachment":[{"href":"https:\/\/funny-allen.82-223-64-3.plesk.page\/index.php?rest_route=%2Fwp%2Fv2%2Fmedia&parent=13"}],"curies":[{"name":"wp","href":"https:\/\/api.w.org\/{rel}","templated":true}]}}