{"id":17,"date":"2026-04-25T17:52:55","date_gmt":"2026-04-25T17:52:55","guid":{"rendered":"https:\/\/funny-allen.82-223-64-3.plesk.page\/?page_id=17"},"modified":"2026-04-25T18:07:54","modified_gmt":"2026-04-25T18:07:54","slug":"la-admiinistracion-judicial-procedimiento-laboral","status":"publish","type":"page","link":"https:\/\/funny-allen.82-223-64-3.plesk.page\/?page_id=17","title":{"rendered":"Procedimiento Laboral"},"content":{"rendered":"\n<p>Art\u00edculo 256. Administraci\u00f3n judicial de los bienes embargados.<br>1. Podr\u00e1 constituirse una administraci\u00f3n o una intervenci\u00f3n judicial cuando por la naturaleza de los bienes o derechos embargados fuera preciso.<br>2. Con tal fin, el secretario judicial citar\u00e1 de comparecencia ante s\u00ed mismo a las partes para que lleguen a un acuerdo y, una vez alcanzado en su caso, establecer\u00e1 mediante decreto los t\u00e9rminos de la administraci\u00f3n judicial en consonancia con el acuerdo.<br>3. Para el supuesto que no se alcance acuerdo, el secretario les convocar\u00e1 a comparecencia ante el juez o Magistrado que dict\u00f3 la orden general de ejecuci\u00f3n, a fin de que efect\u00faen las alegaciones y pruebas que estimen oportunas sobre la necesidad o no de nombramiento de administrador o interventor, persona que deba desempe\u00f1ar tal cargo, exigencia o no de fianza, forma de actuaci\u00f3n, rendici\u00f3n de cuentas y retribuci\u00f3n procedente, resolvi\u00e9ndose mediante auto lo que proceda.<br>4. El administrador o, en su caso, el interventor nombrado deber\u00e1 rendir cuenta final de su gesti\u00f3n.<br>&nbsp;<\/p>\n\n\n\n<p>LA ADMINISTRACION JUDICIAL EN EL PROCEDIMIENTO LABORAL<br><br>LPL cumple una finalidad conservativa del bien, constituye una garant\u00eda de la traba, garant\u00eda establecida en beneficio tanto del ejecutante como del ejecutado ya que ambos est\u00e1n interesados en que el bien perdure y siga produciendo sus frutos.<\/p>\n\n\n\n<p><\/p>\n","protected":false},"excerpt":{"rendered":"<p>Art\u00edculo 256. Administraci\u00f3n judicial de los bienes embargados.1. Podr\u00e1 constituirse una administraci\u00f3n o una intervenci\u00f3n judicial cuando por la naturaleza de los bienes o derechos embargados fuera preciso.2. Con tal fin, el secretario judicial citar\u00e1 de comparecencia ante s\u00ed mismo a las partes para que lleguen a un acuerdo y, una vez alcanzado en su [&hellip;]<\/p>\n","protected":false},"author":1,"featured_media":0,"parent":0,"menu_order":0,"comment_status":"closed","ping_status":"closed","template":"","meta":{"zakra_page_container_layout":"customizer","zakra_page_sidebar_layout":"customizer","zakra_remove_content_margin":false,"zakra_sidebar":"customizer","zakra_transparent_header":"customizer","zakra_logo":0,"zakra_main_header_style":"default","zakra_menu_item_color":"","zakra_menu_item_hover_color":"","zakra_menu_item_active_color":"","zakra_menu_active_style":"","zakra_page_header":true,"footnotes":""},"class_list":["post-17","page","type-page","status-publish","hentry"],"_links":{"self":[{"href":"https:\/\/funny-allen.82-223-64-3.plesk.page\/index.php?rest_route=\/wp\/v2\/pages\/17","targetHints":{"allow":["GET"]}}],"collection":[{"href":"https:\/\/funny-allen.82-223-64-3.plesk.page\/index.php?rest_route=\/wp\/v2\/pages"}],"about":[{"href":"https:\/\/funny-allen.82-223-64-3.plesk.page\/index.php?rest_route=\/wp\/v2\/types\/page"}],"author":[{"embeddable":true,"href":"https:\/\/funny-allen.82-223-64-3.plesk.page\/index.php?rest_route=\/wp\/v2\/users\/1"}],"replies":[{"embeddable":true,"href":"https:\/\/funny-allen.82-223-64-3.plesk.page\/index.php?rest_route=%2Fwp%2Fv2%2Fcomments&post=17"}],"version-history":[{"count":2,"href":"https:\/\/funny-allen.82-223-64-3.plesk.page\/index.php?rest_route=\/wp\/v2\/pages\/17\/revisions"}],"predecessor-version":[{"id":34,"href":"https:\/\/funny-allen.82-223-64-3.plesk.page\/index.php?rest_route=\/wp\/v2\/pages\/17\/revisions\/34"}],"wp:attachment":[{"href":"https:\/\/funny-allen.82-223-64-3.plesk.page\/index.php?rest_route=%2Fwp%2Fv2%2Fmedia&parent=17"}],"curies":[{"name":"wp","href":"https:\/\/api.w.org\/{rel}","templated":true}]}}