{"id":23,"date":"2026-04-25T18:01:09","date_gmt":"2026-04-25T18:01:09","guid":{"rendered":"https:\/\/funny-allen.82-223-64-3.plesk.page\/?page_id=23"},"modified":"2026-04-25T18:07:34","modified_gmt":"2026-04-25T18:07:34","slug":"administrador-judicial-retribucion","status":"publish","type":"page","link":"https:\/\/funny-allen.82-223-64-3.plesk.page\/?page_id=23","title":{"rendered":"Retribuci\u00f3n"},"content":{"rendered":"\n<p>Retribuci\u00f3n<\/p>\n\n\n\n<p><\/p>\n\n\n\n<p>Desempe\u00f1\u00e1ndose la labor de administraci\u00f3n por un tercero, el mismo detenta un derecho de retribuci\u00f3n innegable. Si adem\u00e1s su nombramiento ha sido autorizado o sancionado judicialmente, desde ese momento, asumir\u00e1 la condici\u00f3n de mandatario judicial y devendr\u00e1 el car\u00e1cter oficial de su gesti\u00f3n, consider\u00e1ndose por tanto sus honorarios como gastos judiciales por lo que ser\u00e1n detra\u00edbles del producto de la administraci\u00f3n.<br><br>En relaci\u00f3n a la cuant\u00eda de la remuneraci\u00f3n, la retribuci\u00f3n en todo caso habr\u00e1 de ser acorde al caudal administrado, al trabajo a realizar y la responsabilidad asumida. No existe un criterio legal uniforme en cuanto a la forma de calcular estos honorarios.<br><br>Proceso de ejecuci\u00f3n de la LEC: queda sometido al convenio entre las partes pero nada se regula en caso de desacuerdo entre ellas.<br><br>Esto ser\u00e1 as\u00ed siempre y cuando, como hemos dicho, el nombramiento o designaci\u00f3n de ese administrador sea aprobado judicialmente puesto que en caso contrario, si se trata de un encaro realizado a t\u00edtulo personal por una de las partes sin que el nombramiento haya sido aprobado judicialmente, entonces, como encargo profesional de tipo privado, los gastos derivados de la administraci\u00f3n ser\u00e1n a costa de la parte que efect\u00fae dicho encargo profesional.<br><br>Administraci\u00f3n del caudal hereditario: se\u00f1ala que el administrador percibir\u00e1 como retribuci\u00f3n el 2 por 100 sobre el producto l\u00edquido de la venta de frutos y bienes muebles incluidos en el inventario; el 1 por 100 sobre el producto l\u00edquido de la venta de bienes ra\u00edces y valores de cualquier especie; el 0,5 por 100 sobre la venta de efectos p\u00fablicos y por \u00faltimo, sobre los dem\u00e1s ingresos que haya en la administraci\u00f3n, por conceptos diversos a los anteriores del 4 al 10 por 100, teniendo en cuenta los productos del caudal y el trabajo que la administraci\u00f3n conlleva.<br><br>Proceso penal: ser\u00e1 el Juez quien se\u00f1alar\u00e1 el premio que haya de percibir el administrador, seg\u00fan la costumbre del pueblo donde la administraci\u00f3n se ejerza.<br><br>En caso de no existir se fijan unos porcentajes retributivos estableciendo un 1 por 100 respecto al producto l\u00edquido de la venta de frutos y un 5 por 100 para el producto l\u00edquido de la administraci\u00f3n de otro tipo de bienes.<br><br>Sin embargo, estos sistemas no resuelven una serie de problemas como el que no exista acuerdo entre las partes, que no se enajenaren bienes o que no hubiese productos l\u00edquidos de la administraci\u00f3n.<br><br>En estos casos el uso forense viene utilizando como baremo, bien el porcentaje establecido con car\u00e1cter residual para los \u201cconceptos diversos\u201d (4% &#8211; 5% del producto l\u00edquido) o bien, en la generalidad de los casos, se acudir\u00e1 al sistema de aranceles profesionales legalmente determinado. No obstante, no estar\u00e1 de m\u00e1s consultar con el Juez el criterio que se va a utilizar para fijar la remuneraci\u00f3n.<br><br>Como ha reiterado la Jurisprudencia, la retribuci\u00f3n siguiendo el sistema porcentual se fijar\u00e1, no sobre los ingresos brutos, sino sobre los ingresos o productos l\u00edquidos ( STS 21 de abril de 1911-Alcubilla, Ap. 1912, p\u00e1g.308-I, 3 de julio de 1918 y 15 de febrero de 1967- RA 1957\/726). Adem\u00e1s, \u201cesta retribuci\u00f3n debe retraerse una vez descontados cuantos anticipos requiera la conservaci\u00f3n de la cosa que se administre, nunca del c\u00famulo total de los ingresos que produzca o llegue a producir\u201d (Sentencia de 21 de abril de 1911- Alcubilla, Ap.1922, p\u00e1g.465-I).<br><br>La retribuci\u00f3n no incluir\u00e1 los gastos de viajes que tenga dicho administrador que realizar a consecuencia de su cargo y en general todos aquellos que sean consecuencia necesaria del ejercicio del cargo, que ser\u00e1n igualmente remunerados pero en concepto distinto al de honorarios (art\u00edculo 804.2 LEC) sino como gastos necesarios para el ejercicio y buen fin de la administraci\u00f3n judicial. En este sentido, se\u00f1alar que la necesaria utilizaci\u00f3n de los servicios de determinados profesionales para la protecci\u00f3n, defensa o conservaci\u00f3n de los bienes administrados (por ejemplo, abogado, procurador, peritos, etc), ser\u00e1 igualmente con cargo al patrimonio administrado y no puede contemplarse como parte de la retribuci\u00f3n el administrador.<br><br>De este modo, los derechos y honorarios que puedan ser generados por estos profesionales habr\u00e1n de ser satisfechos como gastos de la administraci\u00f3n.<br><br>En cuanto al momento de percepci\u00f3n de los honorarios, en ausencia de tratamiento legal, los honorarios del administrador se determinar\u00e1n al final de la administraci\u00f3n judicial y una vez que la gesti\u00f3n del administrador haya sido judicialmente aprobada, y ello sin perjuicio de poder percibir provisiones peri\u00f3dicas como anticipos a cuenta de la remuneraci\u00f3n definitiva, bien con anterioridad o bien transcurrido un tiempo prudencial desde el inicio de su actividad. En todo caso, nada obsta a que por cualquiera de las partes interesadas se provea de fondos al administrador a fin de atender los primeros gastos, provisi\u00f3n que posteriormente ser\u00eda detra\u00edda en la liquidaci\u00f3n final de honorarios.<\/p>\n","protected":false},"excerpt":{"rendered":"<p>Retribuci\u00f3n Desempe\u00f1\u00e1ndose la labor de administraci\u00f3n por un tercero, el mismo detenta un derecho de retribuci\u00f3n innegable. Si adem\u00e1s su nombramiento ha sido autorizado o sancionado judicialmente, desde ese momento, asumir\u00e1 la condici\u00f3n de mandatario judicial y devendr\u00e1 el car\u00e1cter oficial de su gesti\u00f3n, consider\u00e1ndose por tanto sus honorarios como gastos judiciales por lo que [&hellip;]<\/p>\n","protected":false},"author":1,"featured_media":0,"parent":0,"menu_order":0,"comment_status":"closed","ping_status":"closed","template":"","meta":{"zakra_page_container_layout":"customizer","zakra_page_sidebar_layout":"customizer","zakra_remove_content_margin":false,"zakra_sidebar":"customizer","zakra_transparent_header":"customizer","zakra_logo":0,"zakra_main_header_style":"default","zakra_menu_item_color":"","zakra_menu_item_hover_color":"","zakra_menu_item_active_color":"","zakra_menu_active_style":"","zakra_page_header":true,"footnotes":""},"class_list":["post-23","page","type-page","status-publish","hentry"],"_links":{"self":[{"href":"https:\/\/funny-allen.82-223-64-3.plesk.page\/index.php?rest_route=\/wp\/v2\/pages\/23","targetHints":{"allow":["GET"]}}],"collection":[{"href":"https:\/\/funny-allen.82-223-64-3.plesk.page\/index.php?rest_route=\/wp\/v2\/pages"}],"about":[{"href":"https:\/\/funny-allen.82-223-64-3.plesk.page\/index.php?rest_route=\/wp\/v2\/types\/page"}],"author":[{"embeddable":true,"href":"https:\/\/funny-allen.82-223-64-3.plesk.page\/index.php?rest_route=\/wp\/v2\/users\/1"}],"replies":[{"embeddable":true,"href":"https:\/\/funny-allen.82-223-64-3.plesk.page\/index.php?rest_route=%2Fwp%2Fv2%2Fcomments&post=23"}],"version-history":[{"count":2,"href":"https:\/\/funny-allen.82-223-64-3.plesk.page\/index.php?rest_route=\/wp\/v2\/pages\/23\/revisions"}],"predecessor-version":[{"id":33,"href":"https:\/\/funny-allen.82-223-64-3.plesk.page\/index.php?rest_route=\/wp\/v2\/pages\/23\/revisions\/33"}],"wp:attachment":[{"href":"https:\/\/funny-allen.82-223-64-3.plesk.page\/index.php?rest_route=%2Fwp%2Fv2%2Fmedia&parent=23"}],"curies":[{"name":"wp","href":"https:\/\/api.w.org\/{rel}","templated":true}]}}