{"id":38,"date":"2026-04-25T18:11:24","date_gmt":"2026-04-25T18:11:24","guid":{"rendered":"https:\/\/funny-allen.82-223-64-3.plesk.page\/?page_id=38"},"modified":"2026-04-25T18:11:24","modified_gmt":"2026-04-25T18:11:24","slug":"creditos-y-fuentes","status":"publish","type":"page","link":"https:\/\/funny-allen.82-223-64-3.plesk.page\/?page_id=38","title":{"rendered":"Creditos y Fuentes"},"content":{"rendered":"\n<p>La presente web se ha documentado con informaci\u00f3n obtenida las siguientes Fuentes a todo lo efectos legales en referencia a Ley de protecci\u00f3n Intelectual.<br><br>B.O.E Bolet\u00edn Oficia del Estado Espa\u00f1ol.<br><br>Gu\u00eda de Actuaci\u00f3n de la Empresa Ante el Concurso Refr Economistas Forenses www.refor.org<br><br>Asociaci\u00f3n Nacional de Peritos Administradores Judiciales \u00abANPAJ\u00bb<br><br>Copyright AdminsitradorJudicial.es<\/p>\n","protected":false},"excerpt":{"rendered":"<p>La presente web se ha documentado con informaci\u00f3n obtenida las siguientes Fuentes a todo lo efectos legales en referencia a Ley de protecci\u00f3n Intelectual. B.O.E Bolet\u00edn Oficia del Estado Espa\u00f1ol. Gu\u00eda de Actuaci\u00f3n de la Empresa Ante el Concurso Refr Economistas Forenses www.refor.org Asociaci\u00f3n Nacional de Peritos Administradores Judiciales \u00abANPAJ\u00bb Copyright AdminsitradorJudicial.es<\/p>\n","protected":false},"author":1,"featured_media":0,"parent":0,"menu_order":0,"comment_status":"closed","ping_status":"closed","template":"","meta":{"zakra_page_container_layout":"customizer","zakra_page_sidebar_layout":"customizer","zakra_remove_content_margin":false,"zakra_sidebar":"customizer","zakra_transparent_header":"customizer","zakra_logo":0,"zakra_main_header_style":"default","zakra_menu_item_color":"","zakra_menu_item_hover_color":"","zakra_menu_item_active_color":"","zakra_menu_active_style":"","zakra_page_header":true,"footnotes":""},"class_list":["post-38","page","type-page","status-publish","hentry"],"_links":{"self":[{"href":"https:\/\/funny-allen.82-223-64-3.plesk.page\/index.php?rest_route=\/wp\/v2\/pages\/38","targetHints":{"allow":["GET"]}}],"collection":[{"href":"https:\/\/funny-allen.82-223-64-3.plesk.page\/index.php?rest_route=\/wp\/v2\/pages"}],"about":[{"href":"https:\/\/funny-allen.82-223-64-3.plesk.page\/index.php?rest_route=\/wp\/v2\/types\/page"}],"author":[{"embeddable":true,"href":"https:\/\/funny-allen.82-223-64-3.plesk.page\/index.php?rest_route=\/wp\/v2\/users\/1"}],"replies":[{"embeddable":true,"href":"https:\/\/funny-allen.82-223-64-3.plesk.page\/index.php?rest_route=%2Fwp%2Fv2%2Fcomments&post=38"}],"version-history":[{"count":1,"href":"https:\/\/funny-allen.82-223-64-3.plesk.page\/index.php?rest_route=\/wp\/v2\/pages\/38\/revisions"}],"predecessor-version":[{"id":39,"href":"https:\/\/funny-allen.82-223-64-3.plesk.page\/index.php?rest_route=\/wp\/v2\/pages\/38\/revisions\/39"}],"wp:attachment":[{"href":"https:\/\/funny-allen.82-223-64-3.plesk.page\/index.php?rest_route=%2Fwp%2Fv2%2Fmedia&parent=38"}],"curies":[{"name":"wp","href":"https:\/\/api.w.org\/{rel}","templated":true}]}}