{"id":40,"date":"2026-04-25T18:12:12","date_gmt":"2026-04-25T18:12:12","guid":{"rendered":"https:\/\/funny-allen.82-223-64-3.plesk.page\/?page_id=40"},"modified":"2026-04-25T18:12:12","modified_gmt":"2026-04-25T18:12:12","slug":"nuestra-sede","status":"publish","type":"page","link":"https:\/\/funny-allen.82-223-64-3.plesk.page\/?page_id=40","title":{"rendered":"Nuestra Sede"},"content":{"rendered":"\n<p>Administrador Judicial<br><br>Francisco Javier L\u00e1zaro Ferr\u00e9<\/p>\n\n\n\n<p>T\u00e9cnico Superior en Administraci\u00f3n Judicial<br><br>Delegado en Catalu\u00f1a<br>Asociaci\u00f3n Nacional de Peritos Administradores Judciales (ANPAJ)<br>Ciutat de la Just\u00edcia de Barcelona<br>Avinguda del Carrilet, 3, Edificio D, 08902 L\u00b4Hospitalet Llobregat &#8211; Barcelona<br><br><br><br>Tels: m\u00f3vil 607 55 86 60 y fijo 93 280 89 94<br>Fax 93 297 34 97<a href=\"mailto:javierlazaro@administradorjudicial.es\" target=\"_blank\" rel=\"noreferrer noopener\"><br>javierlazaro@administradorjudicial.e<\/a>s<a href=\"mailto:javierlazaro@administradorjudicial.es\" target=\"_blank\" rel=\"noreferrer noopener\"><\/a><\/p>\n","protected":false},"excerpt":{"rendered":"<p>Administrador Judicial Francisco Javier L\u00e1zaro Ferr\u00e9 T\u00e9cnico Superior en Administraci\u00f3n Judicial Delegado en Catalu\u00f1aAsociaci\u00f3n Nacional de Peritos Administradores Judciales (ANPAJ)Ciutat de la Just\u00edcia de BarcelonaAvinguda del Carrilet, 3, Edificio D, 08902 L\u00b4Hospitalet Llobregat &#8211; Barcelona Tels: m\u00f3vil 607 55 86 60 y fijo 93 280 89 94Fax 93 297 34 97javierlazaro@administradorjudicial.es<\/p>\n","protected":false},"author":1,"featured_media":0,"parent":0,"menu_order":0,"comment_status":"closed","ping_status":"closed","template":"","meta":{"zakra_page_container_layout":"customizer","zakra_page_sidebar_layout":"customizer","zakra_remove_content_margin":false,"zakra_sidebar":"customizer","zakra_transparent_header":"customizer","zakra_logo":0,"zakra_main_header_style":"default","zakra_menu_item_color":"","zakra_menu_item_hover_color":"","zakra_menu_item_active_color":"","zakra_menu_active_style":"","zakra_page_header":true,"footnotes":""},"class_list":["post-40","page","type-page","status-publish","hentry"],"_links":{"self":[{"href":"https:\/\/funny-allen.82-223-64-3.plesk.page\/index.php?rest_route=\/wp\/v2\/pages\/40","targetHints":{"allow":["GET"]}}],"collection":[{"href":"https:\/\/funny-allen.82-223-64-3.plesk.page\/index.php?rest_route=\/wp\/v2\/pages"}],"about":[{"href":"https:\/\/funny-allen.82-223-64-3.plesk.page\/index.php?rest_route=\/wp\/v2\/types\/page"}],"author":[{"embeddable":true,"href":"https:\/\/funny-allen.82-223-64-3.plesk.page\/index.php?rest_route=\/wp\/v2\/users\/1"}],"replies":[{"embeddable":true,"href":"https:\/\/funny-allen.82-223-64-3.plesk.page\/index.php?rest_route=%2Fwp%2Fv2%2Fcomments&post=40"}],"version-history":[{"count":1,"href":"https:\/\/funny-allen.82-223-64-3.plesk.page\/index.php?rest_route=\/wp\/v2\/pages\/40\/revisions"}],"predecessor-version":[{"id":41,"href":"https:\/\/funny-allen.82-223-64-3.plesk.page\/index.php?rest_route=\/wp\/v2\/pages\/40\/revisions\/41"}],"wp:attachment":[{"href":"https:\/\/funny-allen.82-223-64-3.plesk.page\/index.php?rest_route=%2Fwp%2Fv2%2Fmedia&parent=40"}],"curies":[{"name":"wp","href":"https:\/\/api.w.org\/{rel}","templated":true}]}}